{"id":772,"date":"2020-09-06T10:49:36","date_gmt":"2020-09-06T10:49:36","guid":{"rendered":"http:\/\/monarchevents.ro\/?page_id=772"},"modified":"2026-04-04T22:21:19","modified_gmt":"2026-04-04T19:21:19","slug":"about","status":"publish","type":"page","link":"https:\/\/monarchevents.ro\/en\/about\/","title":{"rendered":"About"},"content":{"rendered":"<div id=\"fws_69e208cc9a9ec\"  data-column-margin=\"default\" data-midnight=\"dark\" data-top-percent=\"12%\" data-bottom-percent=\"3%\"  data-bg-mobile-hidden=\"\" class=\"wpb_row vc_row-fluid vc_row full-width-section standard_section\" data-using-ctc=\"true\" style=\"padding-top: calc(100vw * 0.12); padding-bottom: calc(100vw * 0.03); color: #17172d; \"><div class=\"row-bg-wrap\" data-bg-animation=\"none\" data-bg-overlay=\"false\"><div class=\"inner-wrap\"><div class=\"row-bg using-bg-color\"  style=\"background-color: #ffe6e8; \"><\/div><\/div><div class=\"row-bg-overlay\" ><\/div><\/div><div class=\"col span_12 custom center\">\n\t<div style=\" color: #17172d;\" class=\"vc_col-sm-12 wpb_column column_container vc_column_container col centered-text no-extra-padding\"  data-t-w-inherits=\"default\" data-border-radius=\"none\" data-shadow=\"none\" data-border-animation=\"\" data-border-animation-delay=\"\" data-border-width=\"none\" data-border-style=\"solid\" data-border-color=\"\" data-bg-cover=\"\" data-padding-pos=\"all\" data-has-bg-color=\"false\" data-bg-color=\"\" data-bg-opacity=\"1\" data-hover-bg=\"\" data-hover-bg-opacity=\"1\" data-animation=\"\" data-delay=\"0\" >\n\t\t<div class=\"vc_column-inner\" ><div class=\"column-bg-overlay-wrap\" data-bg-animation=\"none\"><div class=\"column-bg-overlay\"><\/div><\/div>\n\t\t\t<div class=\"wpb_wrapper\">\n\t\t\t\t<div class=\"nectar-highlighted-text\" data-style=\"full_text\" data-using-custom-color=\"false\" data-animation-delay=\"false\" data-color=\"\" data-color-gradient=\"\" style=\"\">\n<h2>About<\/h2>\n<\/div>\n\t\t\t<\/div> \n\t\t<\/div>\n\t<\/div> \n<\/div><\/div>\n\t\t<div id=\"fws_69e208cc9b1ce\"  data-column-margin=\"default\" data-midnight=\"dark\"  data-bg-mobile-hidden=\"\" class=\"wpb_row vc_row-fluid vc_row full-width-section vc_row-o-full-height vc_row-o-columns-middle vc_row-o-equal-height vc_row-flex  vc_row-o-content-top standard_section\"  style=\"padding-top: 0px; padding-bottom: 0px; \"><div class=\"row-bg-wrap\" data-bg-animation=\"none\" data-bg-overlay=\"false\"><div class=\"inner-wrap\"><div class=\"row-bg using-bg-color\"  style=\"background-color: #ffe6e8; \"><\/div><\/div><div class=\"row-bg-overlay\" ><\/div><\/div><div class=\"col span_12 dark left\">\n\t<div  class=\"vc_col-sm-4 vc_col-xs-12 wpb_column column_container vc_column_container col padding-5-percent\"  data-t-w-inherits=\"default\" data-border-radius=\"10px\" data-shadow=\"none\" data-border-animation=\"\" data-border-animation-delay=\"\" data-border-width=\"none\" data-border-style=\"\" data-border-color=\"\" data-bg-cover=\"\" data-padding-pos=\"top\" data-has-bg-color=\"false\" data-bg-color=\"\" data-bg-opacity=\"1\" data-hover-bg=\"\" data-hover-bg-opacity=\"1\" data-animation=\"\" data-delay=\"0\" >\n\t\t<div class=\"vc_column-inner\" ><div class=\"column-bg-overlay-wrap\" data-bg-animation=\"none\"><div class=\"column-bg-overlay\"><\/div><\/div>\n\t\t\t<div class=\"wpb_wrapper\">\n\t\t\t\t<div class=\"img-with-aniamtion-wrap\" data-max-width=\"100%\" data-max-width-mobile=\"default\" data-border-radius=\"10px\" data-shadow=\"medium_depth\" data-animation=\"grow-in\" >\r\n      <div class=\"inner\">\r\n        <div class=\"hover-wrap\" data-hover-animation=\"none\"> \r\n          <div class=\"hover-wrap-inner\">\r\n            <img loading=\"lazy\" decoding=\"async\" class=\"img-with-animation skip-lazy\" data-delay=\"0\" height=\"897\" width=\"640\" data-animation=\"grow-in\" src=\"https:\/\/monarchevents.ro\/wp-content\/uploads\/2020\/09\/WhatsApp-Image-2020-09-03-at-9.25.43-PM-e1599389134512.jpeg\" alt=\"\" srcset=\"https:\/\/monarchevents.ro\/wp-content\/uploads\/2020\/09\/WhatsApp-Image-2020-09-03-at-9.25.43-PM-e1599389134512.jpeg 640w, https:\/\/monarchevents.ro\/wp-content\/uploads\/2020\/09\/WhatsApp-Image-2020-09-03-at-9.25.43-PM-e1599389134512-214x300.jpeg 214w\" sizes=\"auto, (min-width: 1450px) 75vw, (min-width: 1000px) 85vw, 100vw\" \/>\r\n          <\/div>\r\n        <\/div>\r\n      <\/div>\r\n    <\/div>\n\t\t\t<\/div> \n\t\t<\/div>\n\t<\/div> \n\n\t<div style=\" color: #17172d;\" class=\"vc_col-sm-8 vc_col-xs-12 wpb_column column_container vc_column_container col padding-5-percent\"  data-t-w-inherits=\"default\" data-border-radius=\"none\" data-shadow=\"none\" data-border-animation=\"\" data-border-animation-delay=\"\" data-border-width=\"none\" data-border-style=\"solid\" data-border-color=\"\" data-bg-cover=\"\" data-padding-pos=\"all\" data-has-bg-color=\"false\" data-bg-color=\"\" data-bg-opacity=\"1\" data-hover-bg=\"\" data-hover-bg-opacity=\"1\" data-animation=\"\" data-delay=\"0\" >\n\t\t<div class=\"vc_column-inner\" ><div class=\"column-bg-overlay-wrap\" data-bg-animation=\"none\"><div class=\"column-bg-overlay\"><\/div><\/div>\n\t\t\t<div class=\"wpb_wrapper\">\n\t\t\t\t\r\n<div class=\"wpb_text_column wpb_content_element\" >\r\n\t<div class=\"wpb_wrapper\">\r\n\t\t<p><span style=\"font-weight: 400;\">Organizing a perfect event requires investing a huge amount of time, patience and creativity.<\/span><\/p>\n<p><span style=\"font-weight: 400;\">Sunt Petre Draghiciu \u0219i \u00eempreuna cu echipa mea, proiect\u0103m evenimentul t\u0103u \u0219i \u00eei d\u0103m via\u021b\u0103 cu o atingere personal\u0103 \u0219i ochi creativi, ghid\u00e2ndu-v\u0103 cu gra\u021bie pe tot parcursul procesului de planificare, de la conceptul inovator p\u00e2n\u0103 la execu\u021bia f\u0103r\u0103 cusur.<\/span><\/p>\n<p><span style=\"font-weight: 400;\">Avand peste 20 de\u00a0 ani experien\u021b\u0103 \u00een organizarea de evenimente am ascultat nenumarate pove\u0219ti \u0219i am \u00een\u021beles c\u0103 oamenii \u00ee\u0219i imagineaz\u0103 \u0219i \u00ee\u0219i contureaz\u0103 \u00een diferite feluri cea mai special\u0103 zi din via\u021ba lor. Dar \u00een final to\u021bi \u00ee\u0219i doresc s\u0103 aib\u0103 parte de momente inedite, de emo\u021bie, de rafinament si de bucurie.<\/span><\/p>\n<p><span style=\"font-weight: 400;\">Imi voi dedica toat\u0103 experien\u021ba, pasiunea, grija \u0219i aten\u021bia, astfel incat voi s\u0103 v\u0103 bucura\u021bi de cea mai memorabila petrecere din via\u021ba voastra, fara niciun stres.<\/span><\/p>\n<p><strong>Honesty, always<\/strong><\/p>\n<p><span style=\"font-weight: 400;\">De la \u00eenceputul colabor\u0103rii \u0219i p\u00e2n\u0103 la finalul evenimentului, te po\u021bi baza pe mine c\u0103 voi avea \u00eentotdeauna recomand\u0103ri sincere \u0219i c\u0103 \u00ee\u021bi voi oferi transparen\u021b\u0103 total\u0103. Abordez at\u00e2t rela\u021biile, c\u00e2t \u0219i procesul de planificare cu onestitate. De aceea fac doar recomand\u0103ri \u00een care cred \u0219i pe care le consider cele mai potrivite pentru voi.<\/span><\/p>\n<p><strong>Trust, in any situation<\/strong><\/p>\n<p><span style=\"font-weight: 400;\">The secret ingredient for the most fruitful and successful collaborations is trust.<\/span><\/p>\n<p><span style=\"font-weight: 400;\">The biggest challenge - Resistance to stress is important for any event organizer, because quick reactions in solving unforeseen things or small problems that may occur at the event site are crucial elements in the smooth running of the project.<\/span><\/p>\n<p><span style=\"font-weight: 400;\">We do not make spectacular promises, but we certainly guarantee that we will capture all the moments dear to you and help you put your dreams into a concept and design exactly as you imagined them.<\/span><\/p>\n\t<\/div>\r\n<\/div>\r\n\r\n\r\n\r\n\n\t\t\t<\/div> \n\t\t<\/div>\n\t<\/div> \n<\/div><\/div>","protected":false},"excerpt":{"rendered":"About Organizarea unei eveniment perfect necesit\u0103 investirea unui volum imens de timp, r\u0103bdare \u0219i creativitate. Sunt Petre Draghiciu \u0219i \u00eempreuna cu echipa mea, proiect\u0103m evenimentul t\u0103u \u0219i \u00eei d\u0103m via\u021b\u0103...","protected":false},"author":1,"featured_media":0,"parent":0,"menu_order":0,"comment_status":"closed","ping_status":"closed","template":"","meta":{"om_disable_all_campaigns":false,"_monsterinsights_skip_tracking":false,"_monsterinsights_sitenote_active":false,"_monsterinsights_sitenote_note":"","_monsterinsights_sitenote_category":0,"_uf_show_specific_survey":0,"_uf_disable_surveys":false,"footnotes":""},"class_list":["post-772","page","type-page","status-publish"],"aioseo_notices":[],"_links":{"self":[{"href":"https:\/\/monarchevents.ro\/en\/wp-json\/wp\/v2\/pages\/772","targetHints":{"allow":["GET"]}}],"collection":[{"href":"https:\/\/monarchevents.ro\/en\/wp-json\/wp\/v2\/pages"}],"about":[{"href":"https:\/\/monarchevents.ro\/en\/wp-json\/wp\/v2\/types\/page"}],"author":[{"embeddable":true,"href":"https:\/\/monarchevents.ro\/en\/wp-json\/wp\/v2\/users\/1"}],"replies":[{"embeddable":true,"href":"https:\/\/monarchevents.ro\/en\/wp-json\/wp\/v2\/comments?post=772"}],"version-history":[{"count":26,"href":"https:\/\/monarchevents.ro\/en\/wp-json\/wp\/v2\/pages\/772\/revisions"}],"predecessor-version":[{"id":1025,"href":"https:\/\/monarchevents.ro\/en\/wp-json\/wp\/v2\/pages\/772\/revisions\/1025"}],"wp:attachment":[{"href":"https:\/\/monarchevents.ro\/en\/wp-json\/wp\/v2\/media?parent=772"}],"curies":[{"name":"wp","href":"https:\/\/api.w.org\/{rel}","templated":true}]}}